{"id":50,"date":"2025-09-17T15:57:31","date_gmt":"2025-09-17T13:57:31","guid":{"rendered":"https:\/\/www.ndiaye.louisst.o2switch.site\/ddg\/?page_id=50"},"modified":"2025-12-17T08:12:48","modified_gmt":"2025-12-17T07:12:48","slug":"acceuil","status":"publish","type":"page","link":"https:\/\/www.ndiaye.louisst.o2switch.site\/ddg\/","title":{"rendered":"Accueil"},"content":{"rendered":"\n<h3 class=\"wp-block-heading\">Qui sommes nous ?<\/h3>\n\n\n\n<div class=\"wp-block-uagb-container uagb-block-86ffc65e alignfull uagb-is-root-container\"><div class=\"uagb-container-inner-blocks-wrap\">\n<div class=\"wp-block-uagb-container uagb-block-5b595f7e\">\n<p class=\"has-text-align-center\">Chocolaterie lyonnaise pr\u00e9sente depuis plus de 60 ans, Le D\u00e9lice des G\u00f4nes perp\u00e9tue un savoir-faire d\u2019exception.<br>De g\u00e9n\u00e9ration en g\u00e9n\u00e9ration, notre maison pr\u00e9serve la recette historique du c\u00e9l\u00e8bre Coussin de Lyon.<br>Symbole de tradition et de raffinement, il incarne toute la gourmandise \u00e0 la lyonnaise. Notre volont\u00e9 premi\u00e8re est de vous faire d\u00e9couvrir l&rsquo;identit\u00e9 culinaire lyonnaise <\/p>\n<\/div>\n\n\n\n<div class=\"wp-block-uagb-container uagb-block-3cb91e40\">\n<figure class=\"wp-block-image aligncenter size-medium\"><img loading=\"lazy\" decoding=\"async\" width=\"200\" height=\"300\" src=\"https:\/\/www.ndiaye.louisst.o2switch.site\/ddg\/wp-content\/uploads\/2025\/10\/graffiti-6800359_1920-1-200x300.jpg\" alt=\"\" class=\"wp-image-185\" srcset=\"https:\/\/www.ndiaye.louisst.o2switch.site\/ddg\/wp-content\/uploads\/2025\/10\/graffiti-6800359_1920-1-200x300.jpg 200w, https:\/\/www.ndiaye.louisst.o2switch.site\/ddg\/wp-content\/uploads\/2025\/10\/graffiti-6800359_1920-1-681x1024.jpg 681w, https:\/\/www.ndiaye.louisst.o2switch.site\/ddg\/wp-content\/uploads\/2025\/10\/graffiti-6800359_1920-1-768x1155.jpg 768w, https:\/\/www.ndiaye.louisst.o2switch.site\/ddg\/wp-content\/uploads\/2025\/10\/graffiti-6800359_1920-1-1022x1536.jpg 1022w, https:\/\/www.ndiaye.louisst.o2switch.site\/ddg\/wp-content\/uploads\/2025\/10\/graffiti-6800359_1920-1.jpg 1277w\" sizes=\"auto, (max-width: 200px) 100vw, 200px\" \/><\/figure>\n<\/div>\n<\/div><\/div>\n\n\n\n<h3 class=\"wp-block-heading\">Nos produits <\/h3>\n\n\n\n<div class=\"wp-block-uagb-container uagb-block-021be16f alignfull uagb-is-root-container\"><div class=\"uagb-container-inner-blocks-wrap\">\n<div class=\"wp-block-uagb-container uagb-block-0dbb760d\">\n<p>Bienvenue sur notre site ! D\u00e9couvrez un univers gourmand o\u00f9 se m\u00ealent douceurs sucr\u00e9es et plaisirs sal\u00e9s. Laissez-vous tenter par nos cr\u00e9ations artisanales, pr\u00e9par\u00e9es avec passion pour \u00e9veiller vos papilles \u00e0 chaque bouch\u00e9e. Parmi nos incontournables, retrouvez les sp\u00e9cialit\u00e9s de la Fromagerie Richard, symbole d\u2019authenticit\u00e9 et de savoir-faire local. Fromages affin\u00e9s, d\u00e9lices fondants ou saveurs uniques, tout y est pour combler les amateurs de go\u00fbt.<br><\/p>\n<\/div>\n\n\n\n<div class=\"wp-block-uagb-container uagb-block-4953ce65\">\n<figure class=\"wp-block-image size-medium\"><img loading=\"lazy\" decoding=\"async\" width=\"300\" height=\"297\" src=\"https:\/\/www.ndiaye.louisst.o2switch.site\/ddg\/wp-content\/uploads\/2025\/10\/Saint-marcellin-mere-richard-300x297.jpg\" alt=\"\" class=\"wp-image-218\" srcset=\"https:\/\/www.ndiaye.louisst.o2switch.site\/ddg\/wp-content\/uploads\/2025\/10\/Saint-marcellin-mere-richard-300x297.jpg 300w, https:\/\/www.ndiaye.louisst.o2switch.site\/ddg\/wp-content\/uploads\/2025\/10\/Saint-marcellin-mere-richard-150x150.jpg 150w, https:\/\/www.ndiaye.louisst.o2switch.site\/ddg\/wp-content\/uploads\/2025\/10\/Saint-marcellin-mere-richard.jpg 430w\" sizes=\"auto, (max-width: 300px) 100vw, 300px\" \/><figcaption class=\"wp-element-caption\">\ud83d\udc49 Visitez d\u00e8s maintenant la Fromagerie Richard pour explorer en d\u00e9tail leurs tr\u00e9sors et vivez une exp\u00e9rience gustative inoubliable !<br>Votre prochaine gourmandise n\u2019attend plus que vous.<\/figcaption><\/figure>\n\n\n\n<div class=\"wp-block-buttons is-layout-flex wp-block-buttons-is-layout-flex\" id=\"https:\/\/www.ndiaye.louisst.o2switch.site\/ddg\/2025\/09\/30\/mere-richard\/\">\n<div class=\"wp-block-button\" id=\"https:\/\/www.ndiaye.louisst.o2switch.site\/ddg\/2025\/09\/30\/mere-richard\/\"><a class=\"wp-block-button__link wp-element-button\">D\u00e9couvrir plus <\/a><\/div>\n<\/div>\n<\/div>\n<\/div><\/div>\n","protected":false},"excerpt":{"rendered":"<p>Qui sommes nous ? Chocolaterie lyonnaise pr\u00e9sente depuis plus de 60 ans, Le D\u00e9lice des G\u00f4nes perp\u00e9tue un savoir-faire d\u2019exception.De [&hellip;]<\/p>\n","protected":false},"author":1,"featured_media":0,"parent":0,"menu_order":0,"comment_status":"closed","ping_status":"closed","template":"","meta":{"_uag_custom_page_level_css":"","site-sidebar-layout":"no-sidebar","site-content-layout":"","ast-site-content-layout":"normal-width-container","site-content-style":"default","site-sidebar-style":"default","ast-global-header-display":"","ast-banner-title-visibility":"","ast-main-header-display":"","ast-hfb-above-header-display":"","ast-hfb-below-header-display":"","ast-hfb-mobile-header-display":"","site-post-title":"","ast-breadcrumbs-content":"","ast-featured-img":"disabled","footer-sml-layout":"","theme-transparent-header-meta":"","adv-header-id-meta":"","stick-header-meta":"","header-above-stick-meta":"","header-main-stick-meta":"","header-below-stick-meta":"","astra-migrate-meta-layouts":"default","ast-page-background-enabled":"default","ast-page-background-meta":{"desktop":{"background-color":"var(--ast-global-color-5)","background-image":"","background-repeat":"repeat","background-position":"center center","background-size":"auto","background-attachment":"scroll","background-type":"","background-media":"","overlay-type":"","overlay-color":"","overlay-opacity":"","overlay-gradient":""},"tablet":{"background-color":"","background-image":"","background-repeat":"repeat","background-position":"center center","background-size":"auto","background-attachment":"scroll","background-type":"","background-media":"","overlay-type":"","overlay-color":"","overlay-opacity":"","overlay-gradient":""},"mobile":{"background-color":"","background-image":"","background-repeat":"repeat","background-position":"center center","background-size":"auto","background-attachment":"scroll","background-type":"","background-media":"","overlay-type":"","overlay-color":"","overlay-opacity":"","overlay-gradient":""}},"ast-content-background-meta":{"desktop":{"background-color":"var(--ast-global-color-4)","background-image":"","background-repeat":"repeat","background-position":"center center","background-size":"auto","background-attachment":"scroll","background-type":"","background-media":"","overlay-type":"","overlay-color":"","overlay-opacity":"","overlay-gradient":""},"tablet":{"background-color":"var(--ast-global-color-4)","background-image":"","background-repeat":"repeat","background-position":"center center","background-size":"auto","background-attachment":"scroll","background-type":"","background-media":"","overlay-type":"","overlay-color":"","overlay-opacity":"","overlay-gradient":""},"mobile":{"background-color":"var(--ast-global-color-4)","background-image":"","background-repeat":"repeat","background-position":"center center","background-size":"auto","background-attachment":"scroll","background-type":"","background-media":"","overlay-type":"","overlay-color":"","overlay-opacity":"","overlay-gradient":""}},"footnotes":""},"class_list":["post-50","page","type-page","status-publish","hentry"],"yoast_head":"<!-- This site is optimized with the Yoast SEO plugin v26.5 - https:\/\/yoast.com\/wordpress\/plugins\/seo\/ -->\n<title>Accueil - Delice des Gones<\/title>\n<meta name=\"robots\" content=\"index, follow, max-snippet:-1, max-image-preview:large, max-video-preview:-1\" \/>\n<link rel=\"canonical\" href=\"https:\/\/www.ndiaye.louisst.o2switch.site\/ddg\/\" \/>\n<meta property=\"og:locale\" content=\"fr_FR\" \/>\n<meta property=\"og:type\" content=\"article\" \/>\n<meta property=\"og:title\" content=\"Accueil - Delice des Gones\" \/>\n<meta property=\"og:description\" content=\"Qui sommes nous ? Chocolaterie lyonnaise pr\u00e9sente depuis plus de 60 ans, Le D\u00e9lice des G\u00f4nes perp\u00e9tue un savoir-faire d\u2019exception.De [&hellip;]\" \/>\n<meta property=\"og:url\" content=\"https:\/\/www.ndiaye.louisst.o2switch.site\/ddg\/\" \/>\n<meta property=\"og:site_name\" content=\"Delice des Gones\" \/>\n<meta property=\"article:modified_time\" content=\"2025-12-17T07:12:48+00:00\" \/>\n<meta property=\"og:image\" content=\"https:\/\/www.ndiaye.louisst.o2switch.site\/ddg\/wp-content\/uploads\/2025\/10\/graffiti-6800359_1920-1-200x300.jpg\" \/>\n<meta name=\"twitter:card\" content=\"summary_large_image\" \/>\n<meta name=\"twitter:label1\" content=\"Dur\u00e9e de lecture estim\u00e9e\" \/>\n\t<meta name=\"twitter:data1\" content=\"2 minutes\" \/>\n<script type=\"application\/ld+json\" class=\"yoast-schema-graph\">{\"@context\":\"https:\/\/schema.org\",\"@graph\":[{\"@type\":\"WebPage\",\"@id\":\"https:\/\/www.ndiaye.louisst.o2switch.site\/ddg\/\",\"url\":\"https:\/\/www.ndiaye.louisst.o2switch.site\/ddg\/\",\"name\":\"Accueil - Delice des Gones\",\"isPartOf\":{\"@id\":\"https:\/\/www.ndiaye.louisst.o2switch.site\/ddg\/#website\"},\"primaryImageOfPage\":{\"@id\":\"https:\/\/www.ndiaye.louisst.o2switch.site\/ddg\/#primaryimage\"},\"image\":{\"@id\":\"https:\/\/www.ndiaye.louisst.o2switch.site\/ddg\/#primaryimage\"},\"thumbnailUrl\":\"https:\/\/www.ndiaye.louisst.o2switch.site\/ddg\/wp-content\/uploads\/2025\/10\/graffiti-6800359_1920-1-200x300.jpg\",\"datePublished\":\"2025-09-17T13:57:31+00:00\",\"dateModified\":\"2025-12-17T07:12:48+00:00\",\"breadcrumb\":{\"@id\":\"https:\/\/www.ndiaye.louisst.o2switch.site\/ddg\/#breadcrumb\"},\"inLanguage\":\"fr-FR\",\"potentialAction\":[{\"@type\":\"ReadAction\",\"target\":[\"https:\/\/www.ndiaye.louisst.o2switch.site\/ddg\/\"]}]},{\"@type\":\"ImageObject\",\"inLanguage\":\"fr-FR\",\"@id\":\"https:\/\/www.ndiaye.louisst.o2switch.site\/ddg\/#primaryimage\",\"url\":\"https:\/\/www.ndiaye.louisst.o2switch.site\/ddg\/wp-content\/uploads\/2025\/10\/graffiti-6800359_1920-1.jpg\",\"contentUrl\":\"https:\/\/www.ndiaye.louisst.o2switch.site\/ddg\/wp-content\/uploads\/2025\/10\/graffiti-6800359_1920-1.jpg\",\"width\":1277,\"height\":1920},{\"@type\":\"BreadcrumbList\",\"@id\":\"https:\/\/www.ndiaye.louisst.o2switch.site\/ddg\/#breadcrumb\",\"itemListElement\":[{\"@type\":\"ListItem\",\"position\":1,\"name\":\"Accueil\",\"item\":\"https:\/\/www.ndiaye.louisst.o2switch.site\/ddg\/\"},{\"@type\":\"ListItem\",\"position\":2,\"name\":\"Accueil\"}]},{\"@type\":\"WebSite\",\"@id\":\"https:\/\/www.ndiaye.louisst.o2switch.site\/ddg\/#website\",\"url\":\"https:\/\/www.ndiaye.louisst.o2switch.site\/ddg\/\",\"name\":\"Delice des Gones\",\"description\":\"Le chocolat \u00e0 la lyonnaise !\",\"publisher\":{\"@id\":\"https:\/\/www.ndiaye.louisst.o2switch.site\/ddg\/#organization\"},\"potentialAction\":[{\"@type\":\"SearchAction\",\"target\":{\"@type\":\"EntryPoint\",\"urlTemplate\":\"https:\/\/www.ndiaye.louisst.o2switch.site\/ddg\/?s={search_term_string}\"},\"query-input\":{\"@type\":\"PropertyValueSpecification\",\"valueRequired\":true,\"valueName\":\"search_term_string\"}}],\"inLanguage\":\"fr-FR\"},{\"@type\":\"Organization\",\"@id\":\"https:\/\/www.ndiaye.louisst.o2switch.site\/ddg\/#organization\",\"name\":\"Delice des Gones\",\"url\":\"https:\/\/www.ndiaye.louisst.o2switch.site\/ddg\/\",\"logo\":{\"@type\":\"ImageObject\",\"inLanguage\":\"fr-FR\",\"@id\":\"https:\/\/www.ndiaye.louisst.o2switch.site\/ddg\/#\/schema\/logo\/image\/\",\"url\":\"https:\/\/www.ndiaye.louisst.o2switch.site\/ddg\/wp-content\/uploads\/2025\/09\/cropped-cropped-Delices-des-gone.png\",\"contentUrl\":\"https:\/\/www.ndiaye.louisst.o2switch.site\/ddg\/wp-content\/uploads\/2025\/09\/cropped-cropped-Delices-des-gone.png\",\"width\":499,\"height\":276,\"caption\":\"Delice des Gones\"},\"image\":{\"@id\":\"https:\/\/www.ndiaye.louisst.o2switch.site\/ddg\/#\/schema\/logo\/image\/\"}}]}<\/script>\n<!-- \/ Yoast SEO plugin. -->","yoast_head_json":{"title":"Accueil - Delice des Gones","robots":{"index":"index","follow":"follow","max-snippet":"max-snippet:-1","max-image-preview":"max-image-preview:large","max-video-preview":"max-video-preview:-1"},"canonical":"https:\/\/www.ndiaye.louisst.o2switch.site\/ddg\/","og_locale":"fr_FR","og_type":"article","og_title":"Accueil - Delice des Gones","og_description":"Qui sommes nous ? Chocolaterie lyonnaise pr\u00e9sente depuis plus de 60 ans, Le D\u00e9lice des G\u00f4nes perp\u00e9tue un savoir-faire d\u2019exception.De [&hellip;]","og_url":"https:\/\/www.ndiaye.louisst.o2switch.site\/ddg\/","og_site_name":"Delice des Gones","article_modified_time":"2025-12-17T07:12:48+00:00","og_image":[{"url":"https:\/\/www.ndiaye.louisst.o2switch.site\/ddg\/wp-content\/uploads\/2025\/10\/graffiti-6800359_1920-1-200x300.jpg","type":"","width":"","height":""}],"twitter_card":"summary_large_image","twitter_misc":{"Dur\u00e9e de lecture estim\u00e9e":"2 minutes"},"schema":{"@context":"https:\/\/schema.org","@graph":[{"@type":"WebPage","@id":"https:\/\/www.ndiaye.louisst.o2switch.site\/ddg\/","url":"https:\/\/www.ndiaye.louisst.o2switch.site\/ddg\/","name":"Accueil - Delice des Gones","isPartOf":{"@id":"https:\/\/www.ndiaye.louisst.o2switch.site\/ddg\/#website"},"primaryImageOfPage":{"@id":"https:\/\/www.ndiaye.louisst.o2switch.site\/ddg\/#primaryimage"},"image":{"@id":"https:\/\/www.ndiaye.louisst.o2switch.site\/ddg\/#primaryimage"},"thumbnailUrl":"https:\/\/www.ndiaye.louisst.o2switch.site\/ddg\/wp-content\/uploads\/2025\/10\/graffiti-6800359_1920-1-200x300.jpg","datePublished":"2025-09-17T13:57:31+00:00","dateModified":"2025-12-17T07:12:48+00:00","breadcrumb":{"@id":"https:\/\/www.ndiaye.louisst.o2switch.site\/ddg\/#breadcrumb"},"inLanguage":"fr-FR","potentialAction":[{"@type":"ReadAction","target":["https:\/\/www.ndiaye.louisst.o2switch.site\/ddg\/"]}]},{"@type":"ImageObject","inLanguage":"fr-FR","@id":"https:\/\/www.ndiaye.louisst.o2switch.site\/ddg\/#primaryimage","url":"https:\/\/www.ndiaye.louisst.o2switch.site\/ddg\/wp-content\/uploads\/2025\/10\/graffiti-6800359_1920-1.jpg","contentUrl":"https:\/\/www.ndiaye.louisst.o2switch.site\/ddg\/wp-content\/uploads\/2025\/10\/graffiti-6800359_1920-1.jpg","width":1277,"height":1920},{"@type":"BreadcrumbList","@id":"https:\/\/www.ndiaye.louisst.o2switch.site\/ddg\/#breadcrumb","itemListElement":[{"@type":"ListItem","position":1,"name":"Accueil","item":"https:\/\/www.ndiaye.louisst.o2switch.site\/ddg\/"},{"@type":"ListItem","position":2,"name":"Accueil"}]},{"@type":"WebSite","@id":"https:\/\/www.ndiaye.louisst.o2switch.site\/ddg\/#website","url":"https:\/\/www.ndiaye.louisst.o2switch.site\/ddg\/","name":"Delice des Gones","description":"Le chocolat \u00e0 la lyonnaise !","publisher":{"@id":"https:\/\/www.ndiaye.louisst.o2switch.site\/ddg\/#organization"},"potentialAction":[{"@type":"SearchAction","target":{"@type":"EntryPoint","urlTemplate":"https:\/\/www.ndiaye.louisst.o2switch.site\/ddg\/?s={search_term_string}"},"query-input":{"@type":"PropertyValueSpecification","valueRequired":true,"valueName":"search_term_string"}}],"inLanguage":"fr-FR"},{"@type":"Organization","@id":"https:\/\/www.ndiaye.louisst.o2switch.site\/ddg\/#organization","name":"Delice des Gones","url":"https:\/\/www.ndiaye.louisst.o2switch.site\/ddg\/","logo":{"@type":"ImageObject","inLanguage":"fr-FR","@id":"https:\/\/www.ndiaye.louisst.o2switch.site\/ddg\/#\/schema\/logo\/image\/","url":"https:\/\/www.ndiaye.louisst.o2switch.site\/ddg\/wp-content\/uploads\/2025\/09\/cropped-cropped-Delices-des-gone.png","contentUrl":"https:\/\/www.ndiaye.louisst.o2switch.site\/ddg\/wp-content\/uploads\/2025\/09\/cropped-cropped-Delices-des-gone.png","width":499,"height":276,"caption":"Delice des Gones"},"image":{"@id":"https:\/\/www.ndiaye.louisst.o2switch.site\/ddg\/#\/schema\/logo\/image\/"}}]}},"uagb_featured_image_src":{"full":false,"thumbnail":false,"medium":false,"medium_large":false,"large":false,"1536x1536":false,"2048x2048":false},"uagb_author_info":{"display_name":"admin","author_link":"https:\/\/www.ndiaye.louisst.o2switch.site\/ddg\/author\/admin\/"},"uagb_comment_info":0,"uagb_excerpt":"Qui sommes nous ? Chocolaterie lyonnaise pr\u00e9sente depuis plus de 60 ans, Le D\u00e9lice des G\u00f4nes perp\u00e9tue un savoir-faire d\u2019exception.De [&hellip;]","_links":{"self":[{"href":"https:\/\/www.ndiaye.louisst.o2switch.site\/ddg\/wp-json\/wp\/v2\/pages\/50","targetHints":{"allow":["GET"]}}],"collection":[{"href":"https:\/\/www.ndiaye.louisst.o2switch.site\/ddg\/wp-json\/wp\/v2\/pages"}],"about":[{"href":"https:\/\/www.ndiaye.louisst.o2switch.site\/ddg\/wp-json\/wp\/v2\/types\/page"}],"author":[{"embeddable":true,"href":"https:\/\/www.ndiaye.louisst.o2switch.site\/ddg\/wp-json\/wp\/v2\/users\/1"}],"replies":[{"embeddable":true,"href":"https:\/\/www.ndiaye.louisst.o2switch.site\/ddg\/wp-json\/wp\/v2\/comments?post=50"}],"version-history":[{"count":27,"href":"https:\/\/www.ndiaye.louisst.o2switch.site\/ddg\/wp-json\/wp\/v2\/pages\/50\/revisions"}],"predecessor-version":[{"id":489,"href":"https:\/\/www.ndiaye.louisst.o2switch.site\/ddg\/wp-json\/wp\/v2\/pages\/50\/revisions\/489"}],"wp:attachment":[{"href":"https:\/\/www.ndiaye.louisst.o2switch.site\/ddg\/wp-json\/wp\/v2\/media?parent=50"}],"curies":[{"name":"wp","href":"https:\/\/api.w.org\/{rel}","templated":true}]}}