{"id":15,"date":"2024-09-25T13:03:36","date_gmt":"2024-09-25T13:03:36","guid":{"rendered":"https:\/\/www.ndiaye.louisst.o2switch.site\/blog\/?page_id=15"},"modified":"2024-11-25T09:48:20","modified_gmt":"2024-11-25T09:48:20","slug":"bts-ndrc","status":"publish","type":"page","link":"https:\/\/www.ndiaye.louisst.o2switch.site\/blog\/bts-ndrc\/","title":{"rendered":"BTS NDRC"},"content":{"rendered":"\n<p>Le BTS NDRC (N\u00e9gociation et Digitalisation de la Relation Client) est un dipl\u00f4me en deux ans, accessible apr\u00e8s un baccalaur\u00e9at. Il forme des professionnels capables de g\u00e9rer la relation client dans un monde de plus en plus digitalis\u00e9. Les \u00e9tudiants y apprennent \u00e0 prospecter, n\u00e9gocier et fid\u00e9liser des clients, en ma\u00eetrisant les outils num\u00e9riques et les techniques de vente. Je suit mon cursus au campus Sup Alta dans l&rsquo;\u00e9tablissement Saint Louis Saint Bruno.<\/p>\n\n\n\n<p>Le cursus s&rsquo;articule autour de trois axes principaux : la relation client \u00e0 distance et en pr\u00e9sentiel, la digitalisation de la relation client, et la gestion de la relation client en \u00e9quipe. Les mati\u00e8res enseign\u00e9es incluent le marketing, la communication, les outils num\u00e9riques et des langues \u00e9trang\u00e8res.<\/p>\n\n\n\n<p>Les d\u00e9bouch\u00e9s sont vari\u00e9s : attach\u00e9 commercial, conseiller client\u00e8le, charg\u00e9 de d\u00e9veloppement ou encore responsable e-commerce. Ce BTS, tr\u00e8s professionnalisant, permet une insertion rapide sur le march\u00e9 du travail ou une poursuite d\u2019\u00e9tudes en licence professionnelle ou en \u00e9cole de commerce.<\/p>\n\n\n\n<div><iframe src=\"https:\/\/maps.google.com\/maps?q=Supalta&amp;z=12&amp;t=m&amp;output=embed\" style=\"border:0;height:300px;width:100%\"><\/iframe><\/div>\n","protected":false},"excerpt":{"rendered":"<p>Le BTS NDRC (N\u00e9gociation et Digitalisation de la Relation Client) est un dipl\u00f4me en deux ans, accessible apr\u00e8s un baccalaur\u00e9at. [&hellip;]<\/p>\n","protected":false},"author":1,"featured_media":0,"parent":0,"menu_order":0,"comment_status":"closed","ping_status":"closed","template":"","meta":{"_uag_custom_page_level_css":"","site-sidebar-layout":"default","site-content-layout":"","ast-site-content-layout":"","site-content-style":"default","site-sidebar-style":"default","ast-global-header-display":"","ast-banner-title-visibility":"","ast-main-header-display":"","ast-hfb-above-header-display":"","ast-hfb-below-header-display":"","ast-hfb-mobile-header-display":"","site-post-title":"","ast-breadcrumbs-content":"","ast-featured-img":"","footer-sml-layout":"","theme-transparent-header-meta":"","adv-header-id-meta":"","stick-header-meta":"","header-above-stick-meta":"","header-main-stick-meta":"","header-below-stick-meta":"","astra-migrate-meta-layouts":"default","ast-page-background-enabled":"default","ast-page-background-meta":{"desktop":{"background-color":"var(--ast-global-color-4)","background-image":"","background-repeat":"repeat","background-position":"center center","background-size":"auto","background-attachment":"scroll","background-type":"","background-media":"","overlay-type":"","overlay-color":"","overlay-opacity":"","overlay-gradient":""},"tablet":{"background-color":"","background-image":"","background-repeat":"repeat","background-position":"center center","background-size":"auto","background-attachment":"scroll","background-type":"","background-media":"","overlay-type":"","overlay-color":"","overlay-opacity":"","overlay-gradient":""},"mobile":{"background-color":"","background-image":"","background-repeat":"repeat","background-position":"center center","background-size":"auto","background-attachment":"scroll","background-type":"","background-media":"","overlay-type":"","overlay-color":"","overlay-opacity":"","overlay-gradient":""}},"ast-content-background-meta":{"desktop":{"background-color":"var(--ast-global-color-5)","background-image":"","background-repeat":"repeat","background-position":"center center","background-size":"auto","background-attachment":"scroll","background-type":"","background-media":"","overlay-type":"","overlay-color":"","overlay-opacity":"","overlay-gradient":""},"tablet":{"background-color":"var(--ast-global-color-5)","background-image":"","background-repeat":"repeat","background-position":"center center","background-size":"auto","background-attachment":"scroll","background-type":"","background-media":"","overlay-type":"","overlay-color":"","overlay-opacity":"","overlay-gradient":""},"mobile":{"background-color":"var(--ast-global-color-5)","background-image":"","background-repeat":"repeat","background-position":"center center","background-size":"auto","background-attachment":"scroll","background-type":"","background-media":"","overlay-type":"","overlay-color":"","overlay-opacity":"","overlay-gradient":""}},"footnotes":""},"class_list":["post-15","page","type-page","status-publish","hentry"],"uagb_featured_image_src":{"full":false,"thumbnail":false,"medium":false,"medium_large":false,"large":false,"1536x1536":false,"2048x2048":false},"uagb_author_info":{"display_name":"admin","author_link":"https:\/\/www.ndiaye.louisst.o2switch.site\/blog\/author\/admin\/"},"uagb_comment_info":0,"uagb_excerpt":"Le BTS NDRC (N\u00e9gociation et Digitalisation de la Relation Client) est un dipl\u00f4me en deux ans, accessible apr\u00e8s un baccalaur\u00e9at. [&hellip;]","_links":{"self":[{"href":"https:\/\/www.ndiaye.louisst.o2switch.site\/blog\/wp-json\/wp\/v2\/pages\/15","targetHints":{"allow":["GET"]}}],"collection":[{"href":"https:\/\/www.ndiaye.louisst.o2switch.site\/blog\/wp-json\/wp\/v2\/pages"}],"about":[{"href":"https:\/\/www.ndiaye.louisst.o2switch.site\/blog\/wp-json\/wp\/v2\/types\/page"}],"author":[{"embeddable":true,"href":"https:\/\/www.ndiaye.louisst.o2switch.site\/blog\/wp-json\/wp\/v2\/users\/1"}],"replies":[{"embeddable":true,"href":"https:\/\/www.ndiaye.louisst.o2switch.site\/blog\/wp-json\/wp\/v2\/comments?post=15"}],"version-history":[{"count":6,"href":"https:\/\/www.ndiaye.louisst.o2switch.site\/blog\/wp-json\/wp\/v2\/pages\/15\/revisions"}],"predecessor-version":[{"id":127,"href":"https:\/\/www.ndiaye.louisst.o2switch.site\/blog\/wp-json\/wp\/v2\/pages\/15\/revisions\/127"}],"wp:attachment":[{"href":"https:\/\/www.ndiaye.louisst.o2switch.site\/blog\/wp-json\/wp\/v2\/media?parent=15"}],"curies":[{"name":"wp","href":"https:\/\/api.w.org\/{rel}","templated":true}]}}