{"id":13,"date":"2024-09-25T13:00:18","date_gmt":"2024-09-25T13:00:18","guid":{"rendered":"https:\/\/www.ndiaye.louisst.o2switch.site\/blog\/?page_id=13"},"modified":"2024-11-20T12:57:05","modified_gmt":"2024-11-20T12:57:05","slug":"presentation","status":"publish","type":"page","link":"https:\/\/www.ndiaye.louisst.o2switch.site\/blog\/presentation\/","title":{"rendered":"Pr\u00e9sentation"},"content":{"rendered":"\n<p>Bonjour,<\/p>\n\n\n\n<p>Je m\u2019appelle Abdoulaye, j\u2019ai 19 ans, et je suis actuellement en premi\u00e8re ann\u00e9e de BTS NDRC (N\u00e9gociation et Digitalisation de la Relation Client). Ce choix de formation s\u2019inscrit dans mon objectif de d\u00e9velopper des comp\u00e9tences en communication, n\u00e9gociation et gestion de la relation client, tout en me pr\u00e9parant \u00e0 int\u00e9grer le monde du commerce et du digital.<\/p>\n\n\n\n<p>En dehors de mes \u00e9tudes, je suis passionn\u00e9 par le sport, une activit\u00e9 qui me permet de rester actif, de me d\u00e9passer et de d\u00e9velopper un esprit d\u2019\u00e9quipe. Que ce soit \u00e0 travers des disciplines comme le football ou le basketball , le sport occupe une place importante dans mon quotidien. J\u2019aime aussi suivre l\u2019actualit\u00e9 sportive .<\/p>\n\n\n\n<p>Une autre de mes grandes passions est l\u2019animation japonaise<strong>.<\/strong> Je suis fascin\u00e9 par la richesse des histoires, la diversit\u00e9 des styles graphiques et les valeurs promu par ces \u0153uvres. Que ce soit des classiques comme <em>Naruto<\/em>, <em>One Piece<\/em> ou des \u0153uvres plus r\u00e9centes comme <em>Demon Slayer<\/em> ou Ao Ashi , les anim\u00e9s m\u2019aident \u00e0 m\u2019\u00e9vader et \u00e0 d\u00e9couvrir des univers uniques. Cette passion a m\u00eame \u00e9veill\u00e9 en moi un int\u00e9r\u00eat pour la culture japonaise, notamment son histoire et ses traditions.<\/p>\n\n\n\n<p>Enfin, je suis quelqu\u2019un de dynamique, curieux et toujours pr\u00eat \u00e0 relever de nouveaux d\u00e9fis, que ce soit dans mes \u00e9tudes ou dans mes loisirs. Je crois fermement qu\u2019une passion pour le sport et l\u2019animation japonaise m\u2019a aid\u00e9 \u00e0 d\u00e9velopper des qualit\u00e9s telles que la discipline, la cr\u00e9ativit\u00e9 et la pers\u00e9v\u00e9rance, qui sont \u00e9galement des atouts pr\u00e9cieux dans le domaine de la relation client.<\/p>\n","protected":false},"excerpt":{"rendered":"<p>Bonjour, Je m\u2019appelle Abdoulaye, j\u2019ai 19 ans, et je suis actuellement en premi\u00e8re ann\u00e9e de BTS NDRC (N\u00e9gociation et Digitalisation [&hellip;]<\/p>\n","protected":false},"author":1,"featured_media":0,"parent":0,"menu_order":0,"comment_status":"closed","ping_status":"closed","template":"","meta":{"_uag_custom_page_level_css":"","site-sidebar-layout":"default","site-content-layout":"","ast-site-content-layout":"","site-content-style":"default","site-sidebar-style":"default","ast-global-header-display":"","ast-banner-title-visibility":"","ast-main-header-display":"","ast-hfb-above-header-display":"","ast-hfb-below-header-display":"","ast-hfb-mobile-header-display":"","site-post-title":"","ast-breadcrumbs-content":"","ast-featured-img":"","footer-sml-layout":"","theme-transparent-header-meta":"","adv-header-id-meta":"","stick-header-meta":"","header-above-stick-meta":"","header-main-stick-meta":"","header-below-stick-meta":"","astra-migrate-meta-layouts":"default","ast-page-background-enabled":"default","ast-page-background-meta":{"desktop":{"background-color":"var(--ast-global-color-4)","background-image":"","background-repeat":"repeat","background-position":"center center","background-size":"auto","background-attachment":"scroll","background-type":"","background-media":"","overlay-type":"","overlay-color":"","overlay-opacity":"","overlay-gradient":""},"tablet":{"background-color":"","background-image":"","background-repeat":"repeat","background-position":"center center","background-size":"auto","background-attachment":"scroll","background-type":"","background-media":"","overlay-type":"","overlay-color":"","overlay-opacity":"","overlay-gradient":""},"mobile":{"background-color":"","background-image":"","background-repeat":"repeat","background-position":"center center","background-size":"auto","background-attachment":"scroll","background-type":"","background-media":"","overlay-type":"","overlay-color":"","overlay-opacity":"","overlay-gradient":""}},"ast-content-background-meta":{"desktop":{"background-color":"var(--ast-global-color-5)","background-image":"","background-repeat":"repeat","background-position":"center center","background-size":"auto","background-attachment":"scroll","background-type":"","background-media":"","overlay-type":"","overlay-color":"","overlay-opacity":"","overlay-gradient":""},"tablet":{"background-color":"var(--ast-global-color-5)","background-image":"","background-repeat":"repeat","background-position":"center center","background-size":"auto","background-attachment":"scroll","background-type":"","background-media":"","overlay-type":"","overlay-color":"","overlay-opacity":"","overlay-gradient":""},"mobile":{"background-color":"var(--ast-global-color-5)","background-image":"","background-repeat":"repeat","background-position":"center center","background-size":"auto","background-attachment":"scroll","background-type":"","background-media":"","overlay-type":"","overlay-color":"","overlay-opacity":"","overlay-gradient":""}},"footnotes":""},"class_list":["post-13","page","type-page","status-publish","hentry"],"uagb_featured_image_src":{"full":false,"thumbnail":false,"medium":false,"medium_large":false,"large":false,"1536x1536":false,"2048x2048":false},"uagb_author_info":{"display_name":"admin","author_link":"https:\/\/www.ndiaye.louisst.o2switch.site\/blog\/author\/admin\/"},"uagb_comment_info":0,"uagb_excerpt":"Bonjour, Je m\u2019appelle Abdoulaye, j\u2019ai 19 ans, et je suis actuellement en premi\u00e8re ann\u00e9e de BTS NDRC (N\u00e9gociation et Digitalisation [&hellip;]","_links":{"self":[{"href":"https:\/\/www.ndiaye.louisst.o2switch.site\/blog\/wp-json\/wp\/v2\/pages\/13","targetHints":{"allow":["GET"]}}],"collection":[{"href":"https:\/\/www.ndiaye.louisst.o2switch.site\/blog\/wp-json\/wp\/v2\/pages"}],"about":[{"href":"https:\/\/www.ndiaye.louisst.o2switch.site\/blog\/wp-json\/wp\/v2\/types\/page"}],"author":[{"embeddable":true,"href":"https:\/\/www.ndiaye.louisst.o2switch.site\/blog\/wp-json\/wp\/v2\/users\/1"}],"replies":[{"embeddable":true,"href":"https:\/\/www.ndiaye.louisst.o2switch.site\/blog\/wp-json\/wp\/v2\/comments?post=13"}],"version-history":[{"count":2,"href":"https:\/\/www.ndiaye.louisst.o2switch.site\/blog\/wp-json\/wp\/v2\/pages\/13\/revisions"}],"predecessor-version":[{"id":122,"href":"https:\/\/www.ndiaye.louisst.o2switch.site\/blog\/wp-json\/wp\/v2\/pages\/13\/revisions\/122"}],"wp:attachment":[{"href":"https:\/\/www.ndiaye.louisst.o2switch.site\/blog\/wp-json\/wp\/v2\/media?parent=13"}],"curies":[{"name":"wp","href":"https:\/\/api.w.org\/{rel}","templated":true}]}}